{"id":2217,"date":"2021-09-21T20:55:52","date_gmt":"2021-09-21T20:55:52","guid":{"rendered":"https:\/\/www.bras-ouverts.com\/devenir-benevole\/"},"modified":"2022-10-14T21:00:41","modified_gmt":"2022-10-14T21:00:41","slug":"devenir-benevole","status":"publish","type":"page","link":"https:\/\/www.bras-ouverts.com\/en\/devenir-benevole\/","title":{"rendered":"Become volunteer"},"content":{"rendered":"\t\t<div data-elementor-type=\"wp-page\" data-elementor-id=\"2217\" class=\"elementor elementor-2217 elementor-797\">\n\t\t\t\t\t\t\t\t\t<section class=\"elementor-section elementor-top-section elementor-element elementor-element-35cfe38 elementor-section-full_width elementor-section-stretched elementor-section-height-default elementor-section-height-default parallax_section_no qode_elementor_container_no\" data-id=\"35cfe38\" data-element_type=\"section\" data-settings=\"{&quot;background_background&quot;:&quot;classic&quot;,&quot;stretch_section&quot;:&quot;section-stretched&quot;}\">\n\t\t\t\t\t\t<div class=\"elementor-container elementor-column-gap-default\">\n\t\t\t\t\t<div class=\"elementor-column elementor-col-100 elementor-top-column elementor-element elementor-element-46887a9\" data-id=\"46887a9\" data-element_type=\"column\">\n\t\t\t<div class=\"elementor-widget-wrap elementor-element-populated\">\n\t\t\t\t\t\t\t\t<div class=\"elementor-element elementor-element-b8d3d0f elementor-widget elementor-widget-spacer\" data-id=\"b8d3d0f\" data-element_type=\"widget\" data-widget_type=\"spacer.default\">\n\t\t\t\t<div class=\"elementor-widget-container\">\n\t\t\t\t\t<div class=\"elementor-spacer\">\n\t\t\t<div class=\"elementor-spacer-inner\"><\/div>\n\t\t<\/div>\n\t\t\t\t<\/div>\n\t\t\t\t<\/div>\n\t\t\t\t\t<\/div>\n\t\t<\/div>\n\t\t\t\t\t\t\t<\/div>\n\t\t<\/section>\n\t\t\t\t<section class=\"elementor-section elementor-top-section elementor-element elementor-element-2810c78 elementor-section-boxed elementor-section-height-default elementor-section-height-default parallax_section_no qode_elementor_container_no\" data-id=\"2810c78\" data-element_type=\"section\">\n\t\t\t\t\t\t<div class=\"elementor-container elementor-column-gap-default\">\n\t\t\t\t\t<div class=\"elementor-column elementor-col-100 elementor-top-column elementor-element elementor-element-d645a9e\" data-id=\"d645a9e\" data-element_type=\"column\">\n\t\t\t<div class=\"elementor-widget-wrap elementor-element-populated\">\n\t\t\t\t\t\t\t\t<div class=\"elementor-element elementor-element-c28a787 elementor-widget elementor-widget-text-editor\" data-id=\"c28a787\" data-element_type=\"widget\" data-widget_type=\"text-editor.default\">\n\t\t\t\t<div class=\"elementor-widget-container\">\n\t\t\t\t\t\t\t<p style=\"text-align: center;\"><strong>Join our teams !<\/strong><\/p>\n<p style=\"text-align: center;\">Our plans are growing all the time. To accomplish them, we need you.<\/p>\n<p style=\"text-align: center;\">Don\u2019t hesitate to contact us and let us know your wishes, your skills and your availability.<\/p>\t\t\t\t\t\t<\/div>\n\t\t\t\t<\/div>\n\t\t\t\t\t<\/div>\n\t\t<\/div>\n\t\t\t\t\t\t\t<\/div>\n\t\t<\/section>\n\t\t\t\t<section class=\"elementor-section elementor-top-section elementor-element elementor-element-9d50131 elementor-section-boxed elementor-section-height-default elementor-section-height-default parallax_section_no qode_elementor_container_no\" data-id=\"9d50131\" data-element_type=\"section\">\n\t\t\t\t\t\t<div class=\"elementor-container elementor-column-gap-default\">\n\t\t\t\t\t<div class=\"elementor-column elementor-col-100 elementor-top-column elementor-element elementor-element-438bf5a\" data-id=\"438bf5a\" data-element_type=\"column\">\n\t\t\t<div class=\"elementor-widget-wrap elementor-element-populated\">\n\t\t\t\t\t\t\t\t<div class=\"elementor-element elementor-element-a77400d elementor-widget elementor-widget-spacer\" data-id=\"a77400d\" data-element_type=\"widget\" data-widget_type=\"spacer.default\">\n\t\t\t\t<div class=\"elementor-widget-container\">\n\t\t\t\t\t<div class=\"elementor-spacer\">\n\t\t\t<div class=\"elementor-spacer-inner\"><\/div>\n\t\t<\/div>\n\t\t\t\t<\/div>\n\t\t\t\t<\/div>\n\t\t\t\t<div class=\"elementor-element elementor-element-3441fe4 elementor-align-center elementor-widget elementor-widget-button\" data-id=\"3441fe4\" data-element_type=\"widget\" data-widget_type=\"button.default\">\n\t\t\t\t<div class=\"elementor-widget-container\">\n\t\t\t\t\t<div class=\"elementor-button-wrapper\">\n\t\t\t<a href=\"https:\/\/www.bras-ouverts.com\/en\/contact\/\" class=\"elementor-button-link elementor-button elementor-size-lg\" role=\"button\">\n\t\t\t\t\t\t<span class=\"elementor-button-content-wrapper\">\n\t\t\t\t\t\t<span class=\"elementor-button-text\">Contact us<\/span>\n\t\t<\/span>\n\t\t\t\t\t<\/a>\n\t\t<\/div>\n\t\t\t\t<\/div>\n\t\t\t\t<\/div>\n\t\t\t\t\t<\/div>\n\t\t<\/div>\n\t\t\t\t\t\t\t<\/div>\n\t\t<\/section>\n\t\t\t\t<section class=\"elementor-section elementor-top-section elementor-element elementor-element-3866105 elementor-section-full_width elementor-section-stretched elementor-section-height-default elementor-section-height-default parallax_section_no qode_elementor_container_no\" data-id=\"3866105\" data-element_type=\"section\" data-settings=\"{&quot;stretch_section&quot;:&quot;section-stretched&quot;,&quot;background_background&quot;:&quot;classic&quot;}\">\n\t\t\t\t\t\t<div class=\"elementor-container elementor-column-gap-default\">\n\t\t\t\t\t<div class=\"elementor-column elementor-col-100 elementor-top-column elementor-element elementor-element-a87ffb0\" data-id=\"a87ffb0\" data-element_type=\"column\">\n\t\t\t<div class=\"elementor-widget-wrap elementor-element-populated\">\n\t\t\t\t\t\t\t\t<div class=\"elementor-element elementor-element-64c34de elementor-widget elementor-widget-heading\" data-id=\"64c34de\" data-element_type=\"widget\" data-widget_type=\"heading.default\">\n\t\t\t\t<div class=\"elementor-widget-container\">\n\t\t\t<h2 class=\"elementor-heading-title elementor-size-default\">Your missions<\/h2>\t\t<\/div>\n\t\t\t\t<\/div>\n\t\t\t\t\t<\/div>\n\t\t<\/div>\n\t\t\t\t\t\t\t<\/div>\n\t\t<\/section>\n\t\t\t\t<section class=\"elementor-section elementor-top-section elementor-element elementor-element-88495cf elementor-section-boxed elementor-section-height-default elementor-section-height-default parallax_section_no qode_elementor_container_no\" data-id=\"88495cf\" data-element_type=\"section\">\n\t\t\t\t\t\t<div class=\"elementor-container elementor-column-gap-default\">\n\t\t\t\t\t<div class=\"elementor-column elementor-col-100 elementor-top-column elementor-element elementor-element-81f8b45\" data-id=\"81f8b45\" data-element_type=\"column\">\n\t\t\t<div class=\"elementor-widget-wrap elementor-element-populated\">\n\t\t\t\t\t\t\t\t<div class=\"elementor-element elementor-element-39d6280 elementor-widget elementor-widget-spacer\" data-id=\"39d6280\" data-element_type=\"widget\" data-widget_type=\"spacer.default\">\n\t\t\t\t<div class=\"elementor-widget-container\">\n\t\t\t\t\t<div class=\"elementor-spacer\">\n\t\t\t<div class=\"elementor-spacer-inner\"><\/div>\n\t\t<\/div>\n\t\t\t\t<\/div>\n\t\t\t\t<\/div>\n\t\t\t\t\t<\/div>\n\t\t<\/div>\n\t\t\t\t\t\t\t<\/div>\n\t\t<\/section>\n\t\t\t\t<section class=\"elementor-section elementor-top-section elementor-element elementor-element-8157a7a elementor-section-boxed elementor-section-height-default elementor-section-height-default parallax_section_no qode_elementor_container_no\" data-id=\"8157a7a\" data-element_type=\"section\">\n\t\t\t\t\t\t<div class=\"elementor-container elementor-column-gap-default\">\n\t\t\t\t\t<div class=\"elementor-column elementor-col-100 elementor-top-column elementor-element elementor-element-983cfa7\" data-id=\"983cfa7\" data-element_type=\"column\">\n\t\t\t<div class=\"elementor-widget-wrap elementor-element-populated\">\n\t\t\t\t\t\t\t\t<div class=\"elementor-element elementor-element-d7cc8f9 elementor-widget elementor-widget-text-editor\" data-id=\"d7cc8f9\" data-element_type=\"widget\" data-widget_type=\"text-editor.default\">\n\t\t\t\t<div class=\"elementor-widget-container\">\n\t\t\t\t\t\t\t<p style=\"text-align: center;\"><strong>FOOD<\/strong><\/p>\t\t\t\t\t\t<\/div>\n\t\t\t\t<\/div>\n\t\t\t\t<div class=\"elementor-element elementor-element-20c6bcd elementor-widget elementor-widget-text-editor\" data-id=\"20c6bcd\" data-element_type=\"widget\" data-widget_type=\"text-editor.default\">\n\t\t\t\t<div class=\"elementor-widget-container\">\n\t\t\t\t\t\t\t<p style=\"text-align: center;\"><span style=\"text-align: justify; background-color: #ffffff;\">You distribute grocery parcels, fresh and frozen produce, fruit and vegetables.<\/span><\/p>\t\t\t\t\t\t<\/div>\n\t\t\t\t<\/div>\n\t\t\t\t\t<\/div>\n\t\t<\/div>\n\t\t\t\t\t\t\t<\/div>\n\t\t<\/section>\n\t\t\t\t<section class=\"elementor-section elementor-top-section elementor-element elementor-element-f8ddb55 elementor-section-boxed elementor-section-height-default elementor-section-height-default parallax_section_no qode_elementor_container_no\" data-id=\"f8ddb55\" data-element_type=\"section\">\n\t\t\t\t\t\t<div class=\"elementor-container elementor-column-gap-default\">\n\t\t\t\t\t<div class=\"elementor-column elementor-col-100 elementor-top-column elementor-element elementor-element-e41d0ea\" data-id=\"e41d0ea\" data-element_type=\"column\">\n\t\t\t<div class=\"elementor-widget-wrap elementor-element-populated\">\n\t\t\t\t\t\t\t\t<div class=\"elementor-element elementor-element-825f614 elementor-widget elementor-widget-text-editor\" data-id=\"825f614\" data-element_type=\"widget\" data-widget_type=\"text-editor.default\">\n\t\t\t\t<div class=\"elementor-widget-container\">\n\t\t\t\t\t\t\t<p style=\"text-align: center;\"><strong>CLOTHING<\/strong><\/p>\t\t\t\t\t\t<\/div>\n\t\t\t\t<\/div>\n\t\t\t\t<div class=\"elementor-element elementor-element-01e0844 elementor-widget elementor-widget-text-editor\" data-id=\"01e0844\" data-element_type=\"widget\" data-widget_type=\"text-editor.default\">\n\t\t\t\t<div class=\"elementor-widget-container\">\n\t\t\t\t\t\t\t<p style=\"text-align: center;\"><span style=\"background-color: #ffffff;\">You welcome customers and sell low cost clothes and household linen. You also help sort it and stock the shelves.<\/span><\/p>\t\t\t\t\t\t<\/div>\n\t\t\t\t<\/div>\n\t\t\t\t\t<\/div>\n\t\t<\/div>\n\t\t\t\t\t\t\t<\/div>\n\t\t<\/section>\n\t\t\t\t<section class=\"elementor-section elementor-top-section elementor-element elementor-element-f59b724 elementor-section-boxed elementor-section-height-default elementor-section-height-default parallax_section_no qode_elementor_container_no\" data-id=\"f59b724\" data-element_type=\"section\">\n\t\t\t\t\t\t<div class=\"elementor-container elementor-column-gap-default\">\n\t\t\t\t\t<div class=\"elementor-column elementor-col-100 elementor-top-column elementor-element elementor-element-cb8195d\" data-id=\"cb8195d\" data-element_type=\"column\">\n\t\t\t<div class=\"elementor-widget-wrap elementor-element-populated\">\n\t\t\t\t\t\t\t\t<div class=\"elementor-element elementor-element-8adb8b6 elementor-widget elementor-widget-text-editor\" data-id=\"8adb8b6\" data-element_type=\"widget\" data-widget_type=\"text-editor.default\">\n\t\t\t\t<div class=\"elementor-widget-container\">\n\t\t\t\t\t\t\t<p style=\"text-align: center;\"><strong>FURNITURE<\/strong>\u200b<\/p>\t\t\t\t\t\t<\/div>\n\t\t\t\t<\/div>\n\t\t\t\t<div class=\"elementor-element elementor-element-8a07219 elementor-widget elementor-widget-text-editor\" data-id=\"8a07219\" data-element_type=\"widget\" data-widget_type=\"text-editor.default\">\n\t\t\t\t<div class=\"elementor-widget-container\">\n\t\t\t\t\t\t\t<p style=\"text-align: center;\"><span style=\"text-align: start; background-color: #ffffff;\">You sell furniture, home appliances, crockery, toys and decorative objects at low prices.<\/span><\/p>\t\t\t\t\t\t<\/div>\n\t\t\t\t<\/div>\n\t\t\t\t\t<\/div>\n\t\t<\/div>\n\t\t\t\t\t\t\t<\/div>\n\t\t<\/section>\n\t\t\t\t<section class=\"elementor-section elementor-top-section elementor-element elementor-element-f60020d elementor-section-boxed elementor-section-height-default elementor-section-height-default parallax_section_no qode_elementor_container_no\" data-id=\"f60020d\" data-element_type=\"section\">\n\t\t\t\t\t\t<div class=\"elementor-container elementor-column-gap-default\">\n\t\t\t\t\t<div class=\"elementor-column elementor-col-100 elementor-top-column elementor-element elementor-element-11aaea4\" data-id=\"11aaea4\" data-element_type=\"column\">\n\t\t\t<div class=\"elementor-widget-wrap elementor-element-populated\">\n\t\t\t\t\t\t\t\t<div class=\"elementor-element elementor-element-ba1e06b elementor-widget elementor-widget-text-editor\" data-id=\"ba1e06b\" data-element_type=\"widget\" data-widget_type=\"text-editor.default\">\n\t\t\t\t<div class=\"elementor-widget-container\">\n\t\t\t\t\t\t\t<p style=\"text-align: center;\"><strong>BOOK CAFE<\/strong><\/p>\t\t\t\t\t\t<\/div>\n\t\t\t\t<\/div>\n\t\t\t\t<div class=\"elementor-element elementor-element-6fa6318 elementor-widget elementor-widget-text-editor\" data-id=\"6fa6318\" data-element_type=\"widget\" data-widget_type=\"text-editor.default\">\n\t\t\t\t<div class=\"elementor-widget-container\">\n\t\t\t\t\t\t\t<p style=\"text-align: center;\"><span style=\"text-align: start; background-color: #ffffff;\">You serve drinks and homemade cakes. You also sell books. You can get involved with different activities for children or adults.<\/span><\/p>\t\t\t\t\t\t<\/div>\n\t\t\t\t<\/div>\n\t\t\t\t\t<\/div>\n\t\t<\/div>\n\t\t\t\t\t\t\t<\/div>\n\t\t<\/section>\n\t\t\t\t<section class=\"elementor-section elementor-top-section elementor-element elementor-element-d2d17d4 elementor-section-boxed elementor-section-height-default elementor-section-height-default parallax_section_no qode_elementor_container_no\" data-id=\"d2d17d4\" data-element_type=\"section\">\n\t\t\t\t\t\t<div class=\"elementor-container elementor-column-gap-default\">\n\t\t\t\t\t<div class=\"elementor-column elementor-col-100 elementor-top-column elementor-element elementor-element-e4cf8e5\" data-id=\"e4cf8e5\" data-element_type=\"column\">\n\t\t\t<div class=\"elementor-widget-wrap elementor-element-populated\">\n\t\t\t\t\t\t\t\t<div class=\"elementor-element elementor-element-7c8c309 elementor-widget elementor-widget-text-editor\" data-id=\"7c8c309\" data-element_type=\"widget\" data-widget_type=\"text-editor.default\">\n\t\t\t\t<div class=\"elementor-widget-container\">\n\t\t\t\t\t\t\t<p style=\"text-align: center;\"><strong>TRANSPORT, LIFTING<\/strong><\/p>\t\t\t\t\t\t<\/div>\n\t\t\t\t<\/div>\n\t\t\t\t<div class=\"elementor-element elementor-element-a0b8967 elementor-widget elementor-widget-text-editor\" data-id=\"a0b8967\" data-element_type=\"widget\" data-widget_type=\"text-editor.default\">\n\t\t\t\t<div class=\"elementor-widget-container\">\n\t\t\t\t\t\t\t<p style=\"text-align: center;\"><span style=\"text-align: justify; background-color: #ffffff;\">You help transport food products, as well as loading, unloading and storing them. You also help with collecting and delivering furniture to people\u2019s houses. <\/span><\/p>\t\t\t\t\t\t<\/div>\n\t\t\t\t<\/div>\n\t\t\t\t\t<\/div>\n\t\t<\/div>\n\t\t\t\t\t\t\t<\/div>\n\t\t<\/section>\n\t\t\t\t\t\t\t<\/div>\n\t\t","protected":false},"excerpt":{"rendered":"<p>Join our teams ! Our plans are growing all the time. To accomplish them, we need you. Don\u2019t hesitate to contact us and let us know your wishes, your skills and your availability. Contact us Your missions FOOD You distribute grocery parcels, fresh and frozen&#8230;<\/p>\n","protected":false},"author":1,"featured_media":0,"parent":0,"menu_order":0,"comment_status":"closed","ping_status":"closed","template":"","meta":[],"yoast_head":"<!-- This site is optimized with the Yoast SEO plugin v19.8 - https:\/\/yoast.com\/wordpress\/plugins\/seo\/ -->\n<title>Bras ouverts - Become volunteer<\/title>\n<meta name=\"description\" content=\"Nos projets grandissent au fil du temps. Pour les accomplir, nous avons besoin de vous. N\u2019h\u00e9sitez pas \u00e0 nous contacter en indiquant vos souhaits, comp\u00e9tences et disponibilit\u00e9s.\" \/>\n<meta name=\"robots\" content=\"index, follow, max-snippet:-1, max-image-preview:large, max-video-preview:-1\" \/>\n<link rel=\"canonical\" href=\"https:\/\/www.bras-ouverts.com\/en\/devenir-benevole\/\" \/>\n<meta property=\"og:locale\" content=\"en_US\" \/>\n<meta property=\"og:type\" content=\"article\" \/>\n<meta property=\"og:title\" content=\"Bras ouverts - Become volunteer\" \/>\n<meta property=\"og:description\" content=\"Nos projets grandissent au fil du temps. Pour les accomplir, nous avons besoin de vous. N\u2019h\u00e9sitez pas \u00e0 nous contacter en indiquant vos souhaits, comp\u00e9tences et disponibilit\u00e9s.\" \/>\n<meta property=\"og:url\" content=\"https:\/\/www.bras-ouverts.com\/en\/devenir-benevole\/\" \/>\n<meta property=\"og:site_name\" content=\"Bras ouverts\" \/>\n<meta property=\"article:modified_time\" content=\"2022-10-14T21:00:41+00:00\" \/>\n<meta name=\"twitter:card\" content=\"summary_large_image\" \/>\n<meta name=\"twitter:label1\" content=\"Est. reading time\" \/>\n\t<meta name=\"twitter:data1\" content=\"1 minute\" \/>\n<script type=\"application\/ld+json\" class=\"yoast-schema-graph\">{\"@context\":\"https:\/\/schema.org\",\"@graph\":[{\"@type\":\"WebPage\",\"@id\":\"https:\/\/www.bras-ouverts.com\/en\/devenir-benevole\/\",\"url\":\"https:\/\/www.bras-ouverts.com\/en\/devenir-benevole\/\",\"name\":\"Bras ouverts - Become volunteer\",\"isPartOf\":{\"@id\":\"https:\/\/www.bras-ouverts.com\/en\/#website\"},\"datePublished\":\"2021-09-21T20:55:52+00:00\",\"dateModified\":\"2022-10-14T21:00:41+00:00\",\"description\":\"Nos projets grandissent au fil du temps. Pour les accomplir, nous avons besoin de vous. N\u2019h\u00e9sitez pas \u00e0 nous contacter en indiquant vos souhaits, comp\u00e9tences et disponibilit\u00e9s.\",\"breadcrumb\":{\"@id\":\"https:\/\/www.bras-ouverts.com\/en\/devenir-benevole\/#breadcrumb\"},\"inLanguage\":\"en-US\",\"potentialAction\":[{\"@type\":\"ReadAction\",\"target\":[\"https:\/\/www.bras-ouverts.com\/en\/devenir-benevole\/\"]}]},{\"@type\":\"BreadcrumbList\",\"@id\":\"https:\/\/www.bras-ouverts.com\/en\/devenir-benevole\/#breadcrumb\",\"itemListElement\":[{\"@type\":\"ListItem\",\"position\":1,\"name\":\"Accueil\",\"item\":\"https:\/\/www.bras-ouverts.com\/en\/\"},{\"@type\":\"ListItem\",\"position\":2,\"name\":\"Become volunteer\"}]},{\"@type\":\"WebSite\",\"@id\":\"https:\/\/www.bras-ouverts.com\/en\/#website\",\"url\":\"https:\/\/www.bras-ouverts.com\/en\/\",\"name\":\"Bras ouverts\",\"description\":\"Un coeur dans la ville\",\"publisher\":{\"@id\":\"https:\/\/www.bras-ouverts.com\/en\/#organization\"},\"potentialAction\":[{\"@type\":\"SearchAction\",\"target\":{\"@type\":\"EntryPoint\",\"urlTemplate\":\"https:\/\/www.bras-ouverts.com\/en\/?s={search_term_string}\"},\"query-input\":\"required name=search_term_string\"}],\"inLanguage\":\"en-US\"},{\"@type\":\"Organization\",\"@id\":\"https:\/\/www.bras-ouverts.com\/en\/#organization\",\"name\":\"Bras ouverts\",\"url\":\"https:\/\/www.bras-ouverts.com\/en\/\",\"sameAs\":[],\"logo\":{\"@type\":\"ImageObject\",\"inLanguage\":\"en-US\",\"@id\":\"https:\/\/www.bras-ouverts.com\/en\/#\/schema\/logo\/image\/\",\"url\":\"https:\/\/www.bras-ouverts.com\/wp-content\/uploads\/2021\/09\/logo-bras-ouverts.png\",\"contentUrl\":\"https:\/\/www.bras-ouverts.com\/wp-content\/uploads\/2021\/09\/logo-bras-ouverts.png\",\"width\":364,\"height\":111,\"caption\":\"Bras ouverts\"},\"image\":{\"@id\":\"https:\/\/www.bras-ouverts.com\/en\/#\/schema\/logo\/image\/\"}}]}<\/script>\n<!-- \/ Yoast SEO plugin. -->","yoast_head_json":{"title":"Bras ouverts - Become volunteer","description":"Nos projets grandissent au fil du temps. Pour les accomplir, nous avons besoin de vous. N\u2019h\u00e9sitez pas \u00e0 nous contacter en indiquant vos souhaits, comp\u00e9tences et disponibilit\u00e9s.","robots":{"index":"index","follow":"follow","max-snippet":"max-snippet:-1","max-image-preview":"max-image-preview:large","max-video-preview":"max-video-preview:-1"},"canonical":"https:\/\/www.bras-ouverts.com\/en\/devenir-benevole\/","og_locale":"en_US","og_type":"article","og_title":"Bras ouverts - Become volunteer","og_description":"Nos projets grandissent au fil du temps. Pour les accomplir, nous avons besoin de vous. N\u2019h\u00e9sitez pas \u00e0 nous contacter en indiquant vos souhaits, comp\u00e9tences et disponibilit\u00e9s.","og_url":"https:\/\/www.bras-ouverts.com\/en\/devenir-benevole\/","og_site_name":"Bras ouverts","article_modified_time":"2022-10-14T21:00:41+00:00","twitter_card":"summary_large_image","twitter_misc":{"Est. reading time":"1 minute"},"schema":{"@context":"https:\/\/schema.org","@graph":[{"@type":"WebPage","@id":"https:\/\/www.bras-ouverts.com\/en\/devenir-benevole\/","url":"https:\/\/www.bras-ouverts.com\/en\/devenir-benevole\/","name":"Bras ouverts - Become volunteer","isPartOf":{"@id":"https:\/\/www.bras-ouverts.com\/en\/#website"},"datePublished":"2021-09-21T20:55:52+00:00","dateModified":"2022-10-14T21:00:41+00:00","description":"Nos projets grandissent au fil du temps. Pour les accomplir, nous avons besoin de vous. N\u2019h\u00e9sitez pas \u00e0 nous contacter en indiquant vos souhaits, comp\u00e9tences et disponibilit\u00e9s.","breadcrumb":{"@id":"https:\/\/www.bras-ouverts.com\/en\/devenir-benevole\/#breadcrumb"},"inLanguage":"en-US","potentialAction":[{"@type":"ReadAction","target":["https:\/\/www.bras-ouverts.com\/en\/devenir-benevole\/"]}]},{"@type":"BreadcrumbList","@id":"https:\/\/www.bras-ouverts.com\/en\/devenir-benevole\/#breadcrumb","itemListElement":[{"@type":"ListItem","position":1,"name":"Accueil","item":"https:\/\/www.bras-ouverts.com\/en\/"},{"@type":"ListItem","position":2,"name":"Become volunteer"}]},{"@type":"WebSite","@id":"https:\/\/www.bras-ouverts.com\/en\/#website","url":"https:\/\/www.bras-ouverts.com\/en\/","name":"Bras ouverts","description":"Un coeur dans la ville","publisher":{"@id":"https:\/\/www.bras-ouverts.com\/en\/#organization"},"potentialAction":[{"@type":"SearchAction","target":{"@type":"EntryPoint","urlTemplate":"https:\/\/www.bras-ouverts.com\/en\/?s={search_term_string}"},"query-input":"required name=search_term_string"}],"inLanguage":"en-US"},{"@type":"Organization","@id":"https:\/\/www.bras-ouverts.com\/en\/#organization","name":"Bras ouverts","url":"https:\/\/www.bras-ouverts.com\/en\/","sameAs":[],"logo":{"@type":"ImageObject","inLanguage":"en-US","@id":"https:\/\/www.bras-ouverts.com\/en\/#\/schema\/logo\/image\/","url":"https:\/\/www.bras-ouverts.com\/wp-content\/uploads\/2021\/09\/logo-bras-ouverts.png","contentUrl":"https:\/\/www.bras-ouverts.com\/wp-content\/uploads\/2021\/09\/logo-bras-ouverts.png","width":364,"height":111,"caption":"Bras ouverts"},"image":{"@id":"https:\/\/www.bras-ouverts.com\/en\/#\/schema\/logo\/image\/"}}]}},"_links":{"self":[{"href":"https:\/\/www.bras-ouverts.com\/en\/wp-json\/wp\/v2\/pages\/2217"}],"collection":[{"href":"https:\/\/www.bras-ouverts.com\/en\/wp-json\/wp\/v2\/pages"}],"about":[{"href":"https:\/\/www.bras-ouverts.com\/en\/wp-json\/wp\/v2\/types\/page"}],"author":[{"embeddable":true,"href":"https:\/\/www.bras-ouverts.com\/en\/wp-json\/wp\/v2\/users\/1"}],"replies":[{"embeddable":true,"href":"https:\/\/www.bras-ouverts.com\/en\/wp-json\/wp\/v2\/comments?post=2217"}],"version-history":[{"count":4,"href":"https:\/\/www.bras-ouverts.com\/en\/wp-json\/wp\/v2\/pages\/2217\/revisions"}],"predecessor-version":[{"id":2221,"href":"https:\/\/www.bras-ouverts.com\/en\/wp-json\/wp\/v2\/pages\/2217\/revisions\/2221"}],"wp:attachment":[{"href":"https:\/\/www.bras-ouverts.com\/en\/wp-json\/wp\/v2\/media?parent=2217"}],"curies":[{"name":"wp","href":"https:\/\/api.w.org\/{rel}","templated":true}]}}